{"id":1178,"date":"2020-03-22T12:26:26","date_gmt":"2020-03-22T11:26:26","guid":{"rendered":"https:\/\/wildbeesproject.org\/?page_id=1178"},"modified":"2023-12-02T19:14:13","modified_gmt":"2023-12-02T18:14:13","slug":"membresia","status":"publish","type":"page","link":"https:\/\/wildbeesproject.org\/es\/membresia\/","title":{"rendered":"Membres\u00eda"},"content":{"rendered":"\n<style type=\"text\/css\" data-created_by=\"avia_inline_auto\" id=\"style-css-av-4avaq6-bdb6710019aa9492a7e8b502b6fc9390\">\n.flex_column.av-4avaq6-bdb6710019aa9492a7e8b502b6fc9390{\n-webkit-border-radius:0px 0px 0px 0px;\n-moz-border-radius:0px 0px 0px 0px;\nborder-radius:0px 0px 0px 0px;\npadding:0px 0px 0px 0px;\n}\n<\/style>\n<div class='flex_column av-4avaq6-bdb6710019aa9492a7e8b502b6fc9390 av_one_full  avia-builder-el-0  avia-builder-el-no-sibling  first flex_column_div av-zero-column-padding '     ><p>\n<style type=\"text\/css\" data-created_by=\"avia_inline_auto\" id=\"style-css-av-k82vavo2-61b16d10837480380cbbc2bdbc0f3790\">\n#top .hr.hr-invisible.av-k82vavo2-61b16d10837480380cbbc2bdbc0f3790{\nheight:50px;\n}\n<\/style>\n<div  class='hr av-k82vavo2-61b16d10837480380cbbc2bdbc0f3790 hr-invisible  avia-builder-el-1  el_before_av_image  avia-builder-el-first '><span class='hr-inner '><span class=\"hr-inner-style\"><\/span><\/span><\/div><br \/>\n\n<style type=\"text\/css\" data-created_by=\"avia_inline_auto\" id=\"style-css-av-22u7la-cec04a6f6c0c1e1bd8a5cf334f70f4e5\">\n.avia-image-container.av-22u7la-cec04a6f6c0c1e1bd8a5cf334f70f4e5 img.avia_image{\nbox-shadow:none;\n}\n.avia-image-container.av-22u7la-cec04a6f6c0c1e1bd8a5cf334f70f4e5 .av-caption-image-overlay-bg{\nopacity:0.4;\nbackground-color:#000000;\n}\n.avia-image-container.av-22u7la-cec04a6f6c0c1e1bd8a5cf334f70f4e5 .av-image-caption-overlay-center{\ncolor:#edae44;\nfont-size:13px;\n}\n<\/style>\n<div  class='avia-image-container av-22u7la-cec04a6f6c0c1e1bd8a5cf334f70f4e5 av-styling- avia-align-center  avia-builder-el-2  el_after_av_hr  el_before_av_textblock  noHover av-overlay-on-hover'   itemprop=\"image\" itemscope=\"itemscope\" itemtype=\"https:\/\/schema.org\/ImageObject\" ><div class=\"avia-image-container-inner\"><div class=\"avia-image-overlay-wrap\"><div class=\"av-image-caption-overlay\"><div class=\"av-caption-image-overlay-bg\"><\/div><div class=\"av-image-caption-overlay-position\"><div class=\"av-image-caption-overlay-center\"><p>Baby bee &#8211; Scott Thompson &#8211; Flickr<\/p>\n<\/div><\/div><\/div><img decoding=\"async\" class='wp-image-1198 avia-img-lazy-loading-not-1198 avia_image ' src=\"https:\/\/wildbeesproject.org\/wp-content\/uploads\/2020\/03\/Baby-Bee-Scott-Thompson-Flickr-300x200.jpg\" alt='' title='Baby Bee - Scott Thompson - Flickr'  height=\"200\" width=\"300\"  itemprop=\"thumbnailUrl\" srcset=\"https:\/\/wildbeesproject.org\/wp-content\/uploads\/2020\/03\/Baby-Bee-Scott-Thompson-Flickr-300x200.jpg 300w, https:\/\/wildbeesproject.org\/wp-content\/uploads\/2020\/03\/Baby-Bee-Scott-Thompson-Flickr-1030x687.jpg 1030w, https:\/\/wildbeesproject.org\/wp-content\/uploads\/2020\/03\/Baby-Bee-Scott-Thompson-Flickr-768x512.jpg 768w, https:\/\/wildbeesproject.org\/wp-content\/uploads\/2020\/03\/Baby-Bee-Scott-Thompson-Flickr-705x470.jpg 705w, https:\/\/wildbeesproject.org\/wp-content\/uploads\/2020\/03\/Baby-Bee-Scott-Thompson-Flickr-450x300.jpg 450w, https:\/\/wildbeesproject.org\/wp-content\/uploads\/2020\/03\/Baby-Bee-Scott-Thompson-Flickr.jpg 1200w\" sizes=\"(max-width: 300px) 100vw, 300px\" \/><\/div><\/div><\/div><br \/>\n<section  class='av_textblock_section av-k7xlarjx-50b618afe2ae68ac50706433bca6aa43'  itemscope=\"itemscope\" itemtype=\"https:\/\/schema.org\/CreativeWork\" ><div class='avia_textblock'  itemprop=\"text\" ><p><b>Queridos amigos de la naturaleza y de las abejas,<\/b><\/p>\n<p>La asociaci\u00f3n Wild Bees Project, creada a fines de 2019, tiene como objetivo identificar, estudiar y proteger las abejas silvestres en la Reserva Natural Nacional de la Alta Cordillera del Jura, el Pays de Gex en Francia (\ud83c\uddeb\ud83c\uddf7), Ginebra y el Jura Vaudois en Suiza (\ud83c\udde8\ud83c\udded).<\/p>\n<p>La movilizaci\u00f3n de todos es muy importante para el \u00e9xito de este proyecto. Para permitirnos despegar, como lo har\u00e1 esta peque\u00f1a abeja que sale de su celda, puede ayudar apoyando nuestras acciones y convirti\u00e9ndose en miembro de nuestra asociaci\u00f3n.<\/p>\n<p>Para unirse, simplemente haga clic en el bot\u00f3n a continuaci\u00f3n para acceder al formulario en el sitio web HelloAsso y pagar en l\u00ednea (20 euros \/ a\u00f1o). Luego recibir\u00e1 un comprobante y su tarjeta de membres\u00eda.<\/p>\n<p>Contamos con usted.<br \/>\nGracias de antemano.<\/p>\n<p>El equipo del Wild Bees Project \ud83d\udc1d<\/p>\n<\/div><\/section><br \/>\n<div  class='avia-button-wrap av-k81kdjlc-a7f15b231b41e83889c6756e56a52b15-wrap avia-button-left  avia-builder-el-4  el_after_av_textblock  avia-builder-el-last '>\n<style type=\"text\/css\" data-created_by=\"avia_inline_auto\" id=\"style-css-av-k81kdjlc-a7f15b231b41e83889c6756e56a52b15\">\n#top #wrap_all .avia-button.av-k81kdjlc-a7f15b231b41e83889c6756e56a52b15{\nbackground-color:#ef7f00;\nborder-color:#ef7f00;\ncolor:#ffffff;\n-webkit-transition:all 0.4s ease-in-out;\n-moz-transition:all 0.4s ease-in-out;\n-ms-transition:all 0.4s ease-in-out;\n-o-transition:all 0.4s ease-in-out;\ntransition:all 0.4s ease-in-out;\n}\n<\/style>\n<a href='https:\/\/www.helloasso.com\/associations\/wild-bees-project\/adhesions\/adhesions-2024' class='avia-button av-k81kdjlc-a7f15b231b41e83889c6756e56a52b15 avia-icon_select-yes-left-icon avia-size-small avia-position-left' target=\"_blank\" rel=\"noopener noreferrer\"><span class='avia_button_icon avia_button_icon_left' aria-hidden='true' data-av_icon='\ue80c' data-av_iconfont='entypo-fontello'><\/span><span class='avia_iconbox_title' >Me convierto en miembro de la asociaci\u00f3n Wild Bees Project<\/span><\/a><\/div><\/p><\/div>\n","protected":false},"excerpt":{"rendered":"","protected":false},"author":2,"featured_media":0,"parent":0,"menu_order":0,"comment_status":"closed","ping_status":"closed","template":"","meta":{"inline_featured_image":false,"footnotes":""},"_links":{"self":[{"href":"https:\/\/wildbeesproject.org\/es\/wp-json\/wp\/v2\/pages\/1178"}],"collection":[{"href":"https:\/\/wildbeesproject.org\/es\/wp-json\/wp\/v2\/pages"}],"about":[{"href":"https:\/\/wildbeesproject.org\/es\/wp-json\/wp\/v2\/types\/page"}],"author":[{"embeddable":true,"href":"https:\/\/wildbeesproject.org\/es\/wp-json\/wp\/v2\/users\/2"}],"replies":[{"embeddable":true,"href":"https:\/\/wildbeesproject.org\/es\/wp-json\/wp\/v2\/comments?post=1178"}],"version-history":[{"count":11,"href":"https:\/\/wildbeesproject.org\/es\/wp-json\/wp\/v2\/pages\/1178\/revisions"}],"predecessor-version":[{"id":5806,"href":"https:\/\/wildbeesproject.org\/es\/wp-json\/wp\/v2\/pages\/1178\/revisions\/5806"}],"wp:attachment":[{"href":"https:\/\/wildbeesproject.org\/es\/wp-json\/wp\/v2\/media?parent=1178"}],"curies":[{"name":"wp","href":"https:\/\/api.w.org\/{rel}","templated":true}]}}